{"id":305,"date":"2025-06-22T14:22:46","date_gmt":"2025-06-22T14:22:46","guid":{"rendered":"http:\/\/opaleconails.com\/?page_id=305"},"modified":"2025-09-28T00:19:18","modified_gmt":"2025-09-28T00:19:18","slug":"home","status":"publish","type":"page","link":"https:\/\/opaleconails.com\/","title":{"rendered":"Home"},"content":{"rendered":"<div class=\"slider-wrapper relative\" id=\"slider-63288016\" >\n    <div class=\"slider slider-nav-circle slider-nav-large slider-nav-light slider-style-normal\"\n        data-flickity-options='{\n            \"cellAlign\": \"center\",\n            \"imagesLoaded\": true,\n            \"lazyLoad\": 1,\n            \"freeScroll\": false,\n            \"wrapAround\": true,\n            \"autoPlay\": 6000,\n            \"pauseAutoPlayOnHover\" : true,\n            \"prevNextButtons\": true,\n            \"contain\" : true,\n            \"adaptiveHeight\" : true,\n            \"dragThreshold\" : 10,\n            \"percentPosition\": true,\n            \"pageDots\": true,\n            \"rightToLeft\": false,\n            \"draggable\": true,\n            \"selectedAttraction\": 0.1,\n            \"parallax\" : 0,\n            \"friction\": 0.6        }'\n        >\n        \n     <\/div>\n\n     <div class=\"loading-spin dark large centered\"><\/div>\n\n     \t<\/div>\n\n\n\n  <div class=\"banner has-hover\" id=\"banner-697849667\">\n          <div class=\"banner-inner fill\">\n        <div class=\"banner-bg fill\" >\n            <div class=\"bg fill bg-fill \"><\/div>\n                                    \n\t<div class=\"is-border is-dashed\"\n\t\tstyle=\"border-width:2px 2px 2px 2px;margin:10px 10px 10px 10px;\">\n\t<\/div>\n                    <\/div>\n        <div class=\"banner-layers container\">\n            <div class=\"fill banner-link\"><\/div>            \n   <div id=\"text-box-2018105720\" class=\"text-box banner-layer x50 md-x5 lg-x5 y25 md-y50 lg-y50 res-text\">\n                     <div data-animate=\"flipInY\">           <div class=\"text-box-content text dark\">\n              \n              <div class=\"text-inner text-center\">\n                  \n\t<div id=\"gap-1718400577\" class=\"gap-element clearfix\" style=\"display:block; height:auto;\">\n\t\t\n<style>\n#gap-1718400577 {\n  padding-top: 23px;\n}\n<\/style>\n\t<\/div>\n\t\n              <\/div>\n           <\/div>\n       <\/div>                     \n<style>\n#text-box-2018105720 {\n  width: 90%;\n}\n#text-box-2018105720 .text-box-content {\n  font-size: 111%;\n}\n@media (min-width:550px) {\n  #text-box-2018105720 {\n    width: 57%;\n  }\n  #text-box-2018105720 .text-box-content {\n    font-size: 100%;\n  }\n}\n<\/style>\n    <\/div>\n \n        <\/div>\n      <\/div>\n\n            \n<style>\n#banner-697849667 {\n  padding-top: 522px;\n}\n#banner-697849667 .bg.bg-loaded {\n  background-image: url(https:\/\/opaleconails.com\/wp-content\/uploads\/2025\/09\/Ongles-Opale-Co.png);\n}\n#banner-697849667 .bg {\n  background-position: 79% 42%;\n}\n@media (min-width:550px) {\n  #banner-697849667 {\n    padding-top: 600px;\n  }\n}\n<\/style>\n  <\/div>\n\n\n<h2 class=\"wsite-content-title\">Manicure<\/h2>\n<p>We offer the newest and healthiest methods of manicure\u2019s to ensure top quality finishes and long lasting nails.<\/p>\n<div class=\"row\"  id=\"row-1632305410\">\n\n\t<div id=\"col-486591792\" class=\"col small-12 large-12\"  >\n\t\t<div class=\"col-inner text-center\"  >\n\t\t\t\n\t\t\t\n<a rel=\"noopener noreferrer\" href=\"https:\/\/forms.gle\/GAqyoEqXeRSX3m9PA\" target=\"_blank\" class=\"button alert\"  >\n    <span>RESERVE A TIME<\/span>\n  <\/a>\n\n\t\t<\/div>\n\t\t\n<style>\n#col-486591792 > .col-inner {\n  margin: 0px 0px -44px 0px;\n}\n<\/style>\n\t<\/div>\n\n\t\n<\/div>\n\t<div id=\"gap-1696546810\" class=\"gap-element clearfix\" style=\"display:block; height:auto;\">\n\t\t\n<style>\n#gap-1696546810 {\n  padding-top: 30px;\n}\n<\/style>\n\t<\/div>\n\t\n<div class=\"row\"  id=\"row-1152943074\">\n\n\t<div id=\"col-1562567193\" class=\"col medium-4 small-12 large-4\"  >\n\t\t<div class=\"col-inner\"  >\n\t\t\t\n\t\t\t\n\t<div class=\"box has-hover   has-hover box-text-bottom\" >\n\n\t\t<div class=\"box-image\" >\n\t\t\t\t\t\t<div class=\"image-cover\" style=\"padding-top:75%;\">\n\t\t\t\t<img loading=\"lazy\" decoding=\"async\" width=\"640\" height=\"392\" src=\"https:\/\/opaleconails.com\/wp-content\/uploads\/2025\/06\/z6718455292103_3e54791631cc411f864b17e0c51ed5fd-1.jpg\" class=\"attachment- size-\" alt=\"\" srcset=\"https:\/\/opaleconails.com\/wp-content\/uploads\/2025\/06\/z6718455292103_3e54791631cc411f864b17e0c51ed5fd-1.jpg 640w, https:\/\/opaleconails.com\/wp-content\/uploads\/2025\/06\/z6718455292103_3e54791631cc411f864b17e0c51ed5fd-1-510x312.jpg 510w\" sizes=\"auto, (max-width: 640px) 100vw, 640px\" \/>\t\t\t\t\t\t\t\t\t\t\t<\/div>\n\t\t\t\t\t<\/div>\n\n\t\t<div class=\"box-text text-center\" >\n\t\t\t<div class=\"box-text-inner\">\n\t\t\t\t\n<h2 class=\"wsite-content-title\">Pedicures<\/h2>\n<p>Come and relax in our top of the line pedicure massage chairs with over 20 different custom massage settings to help you forget all stress of the week.<\/p>\n\t\t\t<\/div>\n\t\t<\/div>\n\t<\/div>\n\t\n\t\t<\/div>\n\t\t\t<\/div>\n\n\t\n\n\t<div id=\"col-1968964308\" class=\"col medium-4 small-12 large-4\"  >\n\t\t<div class=\"col-inner\"  >\n\t\t\t\n\t\t\t\n\t<div class=\"box has-hover   has-hover box-text-bottom\" >\n\n\t\t<div class=\"box-image\" >\n\t\t\t\t\t\t<div class=\"image-cover\" style=\"padding-top:75%;\">\n\t\t\t\t<img loading=\"lazy\" decoding=\"async\" width=\"1024\" height=\"1536\" src=\"https:\/\/opaleconails.com\/wp-content\/uploads\/2025\/06\/ChatGPT-Image-Jun-18-2025-08_07_44-PM-1.png\" class=\"attachment- size-\" alt=\"\" srcset=\"https:\/\/opaleconails.com\/wp-content\/uploads\/2025\/06\/ChatGPT-Image-Jun-18-2025-08_07_44-PM-1.png 1024w, https:\/\/opaleconails.com\/wp-content\/uploads\/2025\/06\/ChatGPT-Image-Jun-18-2025-08_07_44-PM-1-267x400.png 267w, https:\/\/opaleconails.com\/wp-content\/uploads\/2025\/06\/ChatGPT-Image-Jun-18-2025-08_07_44-PM-1-533x800.png 533w, https:\/\/opaleconails.com\/wp-content\/uploads\/2025\/06\/ChatGPT-Image-Jun-18-2025-08_07_44-PM-1-768x1152.png 768w, https:\/\/opaleconails.com\/wp-content\/uploads\/2025\/06\/ChatGPT-Image-Jun-18-2025-08_07_44-PM-1-510x765.png 510w\" sizes=\"auto, (max-width: 1024px) 100vw, 1024px\" \/>\t\t\t\t\t\t\t\t\t\t\t<\/div>\n\t\t\t\t\t<\/div>\n\n\t\t<div class=\"box-text text-center\" >\n\t\t\t<div class=\"box-text-inner\">\n\t\t\t\t\n\t\t\t<\/div>\n\t\t<\/div>\n\t<\/div>\n\t\n\t\t<\/div>\n\t\t\t<\/div>\n\n\t\n\n\t<div id=\"col-1361865617\" class=\"col medium-4 small-12 large-4\"  >\n\t\t<div class=\"col-inner\"  >\n\t\t\t\n\t\t\t\n\t<div class=\"box has-hover   has-hover box-text-bottom\" >\n\n\t\t<div class=\"box-image\" >\n\t\t\t\t\t\t<div class=\"image-cover\" style=\"padding-top:75%;\">\n\t\t\t\t<img loading=\"lazy\" decoding=\"async\" width=\"1024\" height=\"1536\" src=\"https:\/\/opaleconails.com\/wp-content\/uploads\/2025\/06\/ChatGPT-Image-Jun-18-2025-10_47_24-PM-1.png\" class=\"attachment- size-\" alt=\"\" srcset=\"https:\/\/opaleconails.com\/wp-content\/uploads\/2025\/06\/ChatGPT-Image-Jun-18-2025-10_47_24-PM-1.png 1024w, https:\/\/opaleconails.com\/wp-content\/uploads\/2025\/06\/ChatGPT-Image-Jun-18-2025-10_47_24-PM-1-267x400.png 267w, https:\/\/opaleconails.com\/wp-content\/uploads\/2025\/06\/ChatGPT-Image-Jun-18-2025-10_47_24-PM-1-533x800.png 533w, https:\/\/opaleconails.com\/wp-content\/uploads\/2025\/06\/ChatGPT-Image-Jun-18-2025-10_47_24-PM-1-768x1152.png 768w, https:\/\/opaleconails.com\/wp-content\/uploads\/2025\/06\/ChatGPT-Image-Jun-18-2025-10_47_24-PM-1-510x765.png 510w\" sizes=\"auto, (max-width: 1024px) 100vw, 1024px\" \/>\t\t\t\t\t\t\t\t\t\t\t<\/div>\n\t\t\t\t\t<\/div>\n\n\t\t<div class=\"box-text text-center\" >\n\t\t\t<div class=\"box-text-inner\">\n\t\t\t\t\n<h4>A title<\/h4>\n<p>Image Box text<\/p>\n<div class=\"container section-title-container\" ><h1 class=\"section-title section-title-center\"><b><\/b><span class=\"section-title-main\" >Relax. Revive. Repeat<\/span><b><\/b><\/h1><\/div>\n\t\t\t<\/div>\n\t\t<\/div>\n\t<\/div>\n\t\n\t\t<\/div>\n\t\t\t<\/div>\n\n\t\n<\/div>\n<div class=\"row\"  id=\"row-1657497854\">\n\n\t<div id=\"col-1941461457\" class=\"col medium-7 small-12 large-7\"  >\n\t\t<div class=\"col-inner\"  >\n\t\t\t\n\t\t\t\n\t<div class=\"img has-hover x md-x lg-x y md-y lg-y\" id=\"image_830028485\">\n\t\t\t\t\t\t\t\t<div class=\"img-inner image-cover dark\" style=\"padding-top:75%;\">\n\t\t\t<img loading=\"lazy\" decoding=\"async\" width=\"800\" height=\"800\" src=\"https:\/\/opaleconails.com\/wp-content\/uploads\/2025\/06\/ChatGPT-Image-Jun-18-2025-10_14_41-PM-1-1-1-1-1-800x800.png\" class=\"attachment-large size-large\" alt=\"\" srcset=\"https:\/\/opaleconails.com\/wp-content\/uploads\/2025\/06\/ChatGPT-Image-Jun-18-2025-10_14_41-PM-1-1-1-1-1-800x800.png 800w, https:\/\/opaleconails.com\/wp-content\/uploads\/2025\/06\/ChatGPT-Image-Jun-18-2025-10_14_41-PM-1-1-1-1-1-400x400.png 400w, https:\/\/opaleconails.com\/wp-content\/uploads\/2025\/06\/ChatGPT-Image-Jun-18-2025-10_14_41-PM-1-1-1-1-1-280x280.png 280w, https:\/\/opaleconails.com\/wp-content\/uploads\/2025\/06\/ChatGPT-Image-Jun-18-2025-10_14_41-PM-1-1-1-1-1-768x768.png 768w, https:\/\/opaleconails.com\/wp-content\/uploads\/2025\/06\/ChatGPT-Image-Jun-18-2025-10_14_41-PM-1-1-1-1-1-510x510.png 510w, https:\/\/opaleconails.com\/wp-content\/uploads\/2025\/06\/ChatGPT-Image-Jun-18-2025-10_14_41-PM-1-1-1-1-1-100x100.png 100w, https:\/\/opaleconails.com\/wp-content\/uploads\/2025\/06\/ChatGPT-Image-Jun-18-2025-10_14_41-PM-1-1-1-1-1.png 1024w\" sizes=\"auto, (max-width: 800px) 100vw, 800px\" \/>\t\t\t\t\t\t\n\t\t\t\t\t<\/div>\n\t\t\t\t\t\t\t\t\n<style>\n#image_830028485 {\n  width: 100%;\n}\n<\/style>\n\t<\/div>\n\t\n\t\t<\/div>\n\t\t\t<\/div>\n\n\t\n\n\t<div id=\"col-1512435639\" class=\"col medium-5 small-12 large-5\"  >\n\t\t<div class=\"col-inner\"  >\n\t\t\t\n\t\t\t\n\t<div id=\"gap-2001241846\" class=\"gap-element clearfix\" style=\"display:block; height:auto;\">\n\t\t\n<style>\n#gap-2001241846 {\n  padding-top: 51px;\n}\n<\/style>\n\t<\/div>\n\t\n\t<div id=\"text-2406863820\" class=\"text\">\n\t\t\n<h2 class=\"wsite-content-title\">Getting Pampered Has Never Felt So Good<\/h2>\n<p>At Opale &amp; Co we strive for perfection and professionalism which ultimately leads to client satisfaction. We bring over 10 years of experience and are constantly exploring and studying new methods, styles, and designs the nail industry brings forth. As the industry evolves with new techniques and products, we will continue to grow with it.\u00a0<\/p>\n\t\t\n<style>\n#text-2406863820 {\n  text-align: center;\n}\n<\/style>\n\t<\/div>\n\t\n\t<div id=\"gap-1484993744\" class=\"gap-element clearfix\" style=\"display:block; height:auto;\">\n\t\t\n<style>\n#gap-1484993744 {\n  padding-top: 30px;\n}\n<\/style>\n\t<\/div>\n\t\n<div class=\"row\"  id=\"row-590123047\">\n\n\t<div id=\"col-2265074\" class=\"col small-12 large-12\"  >\n\t\t<div class=\"col-inner text-center\"  >\n\t\t\t\n\t\t\t\n<a href=\"https:\/\/forms.gle\/GAqyoEqXeRSX3m9PA\" target=\"_self\" class=\"button primary\"  >\n    <span>RESERVE A TIME<\/span>\n  <\/a>\n\n\t\t<\/div>\n\t\t\n<style>\n#col-2265074 > .col-inner {\n  margin: 3px 0px -40px 0px;\n}\n<\/style>\n\t<\/div>\n\n\t\n<\/div>\n\t\t<\/div>\n\t\t\t<\/div>\n\n\t\n<\/div>\n\t<section class=\"section\" id=\"section_718758625\">\n\t\t<div class=\"bg section-bg fill bg-fill  bg-loaded\" >\n\n\t\t\t\n\t\t\t\n\t\t\t\n\n\t\t<\/div>\n\n\t\t<div class=\"section-content relative\">\n\t\t\t\n<div class=\"row\"  id=\"row-185518013\">\n\n\t<div id=\"col-1960222066\" class=\"col small-12 large-12\"  >\n\t\t<div class=\"col-inner text-center\"  >\n\t\t\t\n\t\t\t\n\t<div id=\"gap-1103053428\" class=\"gap-element clearfix\" style=\"display:block; height:auto;\">\n\t\t\n<style>\n#gap-1103053428 {\n  padding-top: 9px;\n}\n@media (min-width:550px) {\n  #gap-1103053428 {\n    padding-top: 30px;\n  }\n}\n<\/style>\n\t<\/div>\n\t\n<h2>Customer Reviews<\/h2>\n<p>What experiences and reviews have Opale &amp; Co&#8217;s customers shared?<\/p>\n\t\t<\/div>\n\t\t\t<\/div>\n\n\t\n<\/div>\n<div class=\"row align-equal\"  id=\"row-120634571\">\n\n\t<div id=\"col-365070148\" class=\"col medium-6 small-12 large-4\"  >\n\t\t<div class=\"col-inner\"  >\n\t\t\t\n\t\t\t\n  <div class=\"icon-box testimonial-box icon-box-center text-center\">\n                <div class=\"icon-box-img testimonial-image circle\" style=\"width: 80px\">\n              <img loading=\"lazy\" decoding=\"async\" width=\"280\" height=\"280\" src=\"https:\/\/opaleconails.com\/wp-content\/uploads\/2025\/06\/ChatGPT-Image-Jun-23-2025-02_41_38-AM-280x280.png\" class=\"attachment-thumbnail size-thumbnail\" alt=\"\" srcset=\"https:\/\/opaleconails.com\/wp-content\/uploads\/2025\/06\/ChatGPT-Image-Jun-23-2025-02_41_38-AM-280x280.png 280w, https:\/\/opaleconails.com\/wp-content\/uploads\/2025\/06\/ChatGPT-Image-Jun-23-2025-02_41_38-AM-100x100.png 100w\" sizes=\"auto, (max-width: 280px) 100vw, 280px\" \/>        <\/div>\n                <div class=\"icon-box-text p-last-0\">\n          <div class=\"star-rating\"><span style=\"width:100%\"><strong class=\"rating\"><\/strong><\/span><\/div>  \t\t\t\t<div class=\"testimonial-text line-height-small italic test_text first-reset last-reset is-italic\">\n            \n\t<div id=\"gap-903999063\" class=\"gap-element clearfix\" style=\"display:block; height:auto;\">\n\t\t\n<style>\n#gap-903999063 {\n  padding-top: 10px;\n}\n<\/style>\n\t<\/div>\n\t\n<p style=\"font-style: normal;\">The salon space is truly beautiful, clean, and relaxing. I absolutely love the cozy atmosphere every time I come for a nail appointment. The staff are friendly and provide enthusiastic advice, helping me choose nail styles that suit my skin tone. The prices are also very reasonable for the quality of service. Thank you, Opale &amp; Co!<\/p>\n          <\/div>\n          <div class=\"testimonial-meta pt-half\">\n             <strong class=\"testimonial-name test_name\">Emily<\/strong>\n                          <span class=\"testimonial-company test_company\"><\/span>\n          <\/div>\n        <\/div>\n  <\/div>\n\n  \n\t\t<\/div>\n\t\t\t<\/div>\n\n\t\n\n\t<div id=\"col-1509547312\" class=\"col medium-6 small-12 large-4\"  >\n\t\t<div class=\"col-inner\"  >\n\t\t\t\n\t\t\t\n  <div class=\"icon-box testimonial-box icon-box-center text-center\">\n                <div class=\"icon-box-img testimonial-image circle\" style=\"width: 80px\">\n              <img loading=\"lazy\" decoding=\"async\" width=\"280\" height=\"280\" src=\"https:\/\/opaleconails.com\/wp-content\/uploads\/2025\/06\/ChatGPT-Image-Jun-23-2025-02_45_00-AM-280x280.png\" class=\"attachment-thumbnail size-thumbnail\" alt=\"\" srcset=\"https:\/\/opaleconails.com\/wp-content\/uploads\/2025\/06\/ChatGPT-Image-Jun-23-2025-02_45_00-AM-280x280.png 280w, https:\/\/opaleconails.com\/wp-content\/uploads\/2025\/06\/ChatGPT-Image-Jun-23-2025-02_45_00-AM-100x100.png 100w\" sizes=\"auto, (max-width: 280px) 100vw, 280px\" \/>        <\/div>\n                <div class=\"icon-box-text p-last-0\">\n          <div class=\"star-rating\"><span style=\"width:100%\"><strong class=\"rating\"><\/strong><\/span><\/div>  \t\t\t\t<div class=\"testimonial-text line-height-small italic test_text first-reset last-reset is-italic\">\n            \n\t<div id=\"gap-1346040072\" class=\"gap-element clearfix\" style=\"display:block; height:auto;\">\n\t\t\n<style>\n#gap-1346040072 {\n  padding-top: 10px;\n}\n<\/style>\n\t<\/div>\n\t\n<p style=\"font-style: normal;\">L&#8217;espace du salon est vraiment beau, propre et relaxant. J&#8217;adore l&#8217;atmosph\u00e8re chaleureuse chaque fois que je viens faire mes ongles. Le personnel est sympathique et donne des conseils avis\u00e9s pour m&#8217;aider \u00e0 choisir un style d&#8217;ongles qui convient \u00e0 mon teint. Les prix sont \u00e9galement tr\u00e8s raisonnables par rapport \u00e0 la qualit\u00e9. Merci, Opale &amp; Co !<\/p>\n          <\/div>\n          <div class=\"testimonial-meta pt-half\">\n             <strong class=\"testimonial-name test_name\">Mika<\/strong>\n                          <span class=\"testimonial-company test_company\"><\/span>\n          <\/div>\n        <\/div>\n  <\/div>\n\n  \n\t\t<\/div>\n\t\t\t<\/div>\n\n\t\n\n\t<div id=\"col-83489584\" class=\"col medium-6 small-12 large-4\"  >\n\t\t<div class=\"col-inner\"  >\n\t\t\t\n\t\t\t\n  <div class=\"icon-box testimonial-box icon-box-center text-center\">\n                <div class=\"icon-box-img testimonial-image circle\" style=\"width: 80px\">\n              <img loading=\"lazy\" decoding=\"async\" width=\"280\" height=\"280\" src=\"https:\/\/opaleconails.com\/wp-content\/uploads\/2025\/06\/ChatGPT-Image-Jun-23-2025-02_49_03-AM-280x280.png\" class=\"attachment-thumbnail size-thumbnail\" alt=\"\" srcset=\"https:\/\/opaleconails.com\/wp-content\/uploads\/2025\/06\/ChatGPT-Image-Jun-23-2025-02_49_03-AM-280x280.png 280w, https:\/\/opaleconails.com\/wp-content\/uploads\/2025\/06\/ChatGPT-Image-Jun-23-2025-02_49_03-AM-100x100.png 100w\" sizes=\"auto, (max-width: 280px) 100vw, 280px\" \/>        <\/div>\n                <div class=\"icon-box-text p-last-0\">\n          <div class=\"star-rating\"><span style=\"width:100%\"><strong class=\"rating\"><\/strong><\/span><\/div>  \t\t\t\t<div class=\"testimonial-text line-height-small italic test_text first-reset last-reset is-italic\">\n            \n\t<div id=\"gap-1572606472\" class=\"gap-element clearfix\" style=\"display:block; height:auto;\">\n\t\t\n<style>\n#gap-1572606472 {\n  padding-top: 10px;\n}\n<\/style>\n\t<\/div>\n\t\n<p style=\"font-style: normal;\">C&#8217;\u00e9tait la premi\u00e8re fois que je testais le gel pour les pieds chez Opale &amp; Co, et les r\u00e9sultats \u00e9taient tout simplement fantastiques ! Mes ongles ont l&#8217;air naturels tout en restant \u00e9l\u00e9gants, ils gardent leur brillance longtemps et ne se d\u00e9collent pas apr\u00e8s plusieurs jours. De plus, l&#8217;attitude attentionn\u00e9e du personnel m&#8217;a fait me sentir comme \u00e0 la maison. Je n&#8217;h\u00e9siterai pas \u00e0 recommander cet endroit \u00e0 mes amis!<\/p>\n          <\/div>\n          <div class=\"testimonial-meta pt-half\">\n             <strong class=\"testimonial-name test_name\">Sophie<\/strong>\n                          <span class=\"testimonial-company test_company\"><\/span>\n          <\/div>\n        <\/div>\n  <\/div>\n\n  \n\t\t<\/div>\n\t\t\t<\/div>\n\n\t\n\n<style>\n#row-120634571 > .col > .col-inner {\n  padding: 25px 25px 25px 25px;\n  background-color: rgb(255,255,255);\n}\n<\/style>\n<\/div>\n\t\t<\/div>\n\n\t\t\n<style>\n#section_718758625 {\n  padding-top: 0px;\n  padding-bottom: 0px;\n  background-color: rgb(246, 246, 246);\n}\n<\/style>\n\t<\/section>\n\t\n\n  <div class=\"banner has-hover has-parallax\" id=\"banner-1091581822\">\n          <div class=\"banner-inner fill\">\n        <div class=\"banner-bg fill\" data-parallax=\"-1\" data-parallax-container=\".banner\" data-parallax-background>\n            <div class=\"bg fill bg-fill \"><\/div>\n                                    \n\t<div class=\"is-border is-dashed\"\n\t\tstyle=\"border-color:rgba(255, 255, 255, 0.22);border-width:2px 0px 2px 0px;margin:10px 0px 10px 0px;\">\n\t<\/div>\n                    <\/div>\n        <div class=\"banner-layers container\">\n            <div class=\"fill banner-link\"><\/div>            \n   <div id=\"text-box-1289488874\" class=\"text-box banner-layer x50 md-x50 lg-x50 y50 md-y50 lg-y50 res-text\">\n                                <div class=\"text-box-content text dark\">\n              \n              <div class=\"text-inner text-center\">\n                  \n\t<div id=\"text-475128138\" class=\"text\">\n\t\t\n<h2 class=\"wsite-content-title\">Book an Appointment today with one of our specialist<\/h2>\n\t\t\n<style>\n#text-475128138 {\n  color: rgb(74, 63, 53);\n}\n#text-475128138 > * {\n  color: rgb(74, 63, 53);\n}\n<\/style>\n\t<\/div>\n\t\n\t<div id=\"gap-1408518522\" class=\"gap-element clearfix\" style=\"display:block; height:auto;\">\n\t\t\n<style>\n#gap-1408518522 {\n  padding-top: 32px;\n}\n<\/style>\n\t<\/div>\n\t\n<a href=\"https:\/\/forms.gle\/GAqyoEqXeRSX3m9PA\" target=\"_self\" class=\"button primary is-outline\"  style=\"border-radius:10px;\">\n    <span>RESERVE A TIME<\/span>\n  <\/a>\n\n              <\/div>\n           <\/div>\n                            \n<style>\n#text-box-1289488874 {\n  width: 96%;\n}\n#text-box-1289488874 .text-box-content {\n  font-size: 100%;\n}\n@media (min-width:550px) {\n  #text-box-1289488874 {\n    width: 76%;\n  }\n}\n<\/style>\n    <\/div>\n \n        <\/div>\n      <\/div>\n\n            \n<style>\n#banner-1091581822 {\n  padding-top: 407px;\n  background-color: rgb(248, 236, 216);\n}\n#banner-1091581822 .bg.bg-loaded {\n  background-image: 8102;\n}\n#banner-1091581822 .bg {\n  background-position: 79% 0%;\n}\n<\/style>\n  <\/div>\n\n\n","protected":false},"excerpt":{"rendered":"<p>Manicure We offer the newest and healthiest methods of manicure\u2019s to ensure top quality finishes and long lasting nails.<\/p>\n","protected":false},"author":1,"featured_media":0,"parent":0,"menu_order":0,"comment_status":"closed","ping_status":"closed","template":"page-blank.php","meta":{"footnotes":""},"class_list":["post-305","page","type-page","status-publish","hentry"],"_links":{"self":[{"href":"https:\/\/opaleconails.com\/index.php?rest_route=\/wp\/v2\/pages\/305","targetHints":{"allow":["GET"]}}],"collection":[{"href":"https:\/\/opaleconails.com\/index.php?rest_route=\/wp\/v2\/pages"}],"about":[{"href":"https:\/\/opaleconails.com\/index.php?rest_route=\/wp\/v2\/types\/page"}],"author":[{"embeddable":true,"href":"https:\/\/opaleconails.com\/index.php?rest_route=\/wp\/v2\/users\/1"}],"replies":[{"embeddable":true,"href":"https:\/\/opaleconails.com\/index.php?rest_route=%2Fwp%2Fv2%2Fcomments&post=305"}],"version-history":[{"count":48,"href":"https:\/\/opaleconails.com\/index.php?rest_route=\/wp\/v2\/pages\/305\/revisions"}],"predecessor-version":[{"id":561,"href":"https:\/\/opaleconails.com\/index.php?rest_route=\/wp\/v2\/pages\/305\/revisions\/561"}],"wp:attachment":[{"href":"https:\/\/opaleconails.com\/index.php?rest_route=%2Fwp%2Fv2%2Fmedia&parent=305"}],"curies":[{"name":"wp","href":"https:\/\/api.w.org\/{rel}","templated":true}]}}